{"id":1950,"date":"2021-03-04T14:25:03","date_gmt":"2021-03-04T19:25:03","guid":{"rendered":"https:\/\/dev10.devcwmserver2.com\/?page_id=1950"},"modified":"2021-03-13T17:17:25","modified_gmt":"2021-03-13T22:17:25","slug":"checkout-2","status":"publish","type":"page","link":"https:\/\/capitainehomard.com\/en\/checkout-2\/","title":{"rendered":"Checkout"},"content":{"rendered":"\t\t<div data-elementor-type=\"wp-page\" data-elementor-id=\"1950\" class=\"elementor elementor-1950 elementor-950\" data-elementor-post-type=\"page\">\n\t\t\t\t\t\t<section class=\"elementor-section elementor-top-section elementor-element elementor-element-3cfb0620 elementor-section-boxed elementor-section-height-default elementor-section-height-default\" data-id=\"3cfb0620\" data-element_type=\"section\" data-e-type=\"section\">\n\t\t\t\t\t\t\t<div class=\"elementor-background-overlay\"><\/div>\n\t\t\t\t\t\t\t<div class=\"elementor-container elementor-column-gap-default\">\n\t\t\t\t\t<div class=\"elementor-column elementor-col-50 elementor-top-column elementor-element elementor-element-bb5afb\" data-id=\"bb5afb\" data-element_type=\"column\" data-e-type=\"column\">\n\t\t\t<div class=\"elementor-widget-wrap elementor-element-populated\">\n\t\t\t\t\t\t<div class=\"elementor-element elementor-element-2fb89680 elementor-widget elementor-widget-image\" data-id=\"2fb89680\" data-element_type=\"widget\" data-e-type=\"widget\" data-widget_type=\"image.default\">\n\t\t\t\t<div class=\"elementor-widget-container\">\n\t\t\t\t\t\t\t\t\t\t\t\t\t\t\t\t<a href=\"https:\/\/capitainehomard.com\/en\/\">\n\t\t\t\t\t\t\t<img decoding=\"async\" width=\"186\" height=\"105\" src=\"https:\/\/capitainehomard.com\/wp-content\/uploads\/2021\/01\/logo-capitaine-homard.png\" class=\"attachment-large size-large wp-image-1155\" alt=\"\" \/>\t\t\t\t\t\t\t\t<\/a>\n\t\t\t\t\t\t\t\t\t\t\t\t\t\t\t<\/div>\n\t\t\t\t<\/div>\n\t\t\t\t\t<\/div>\n\t\t<\/div>\n\t\t\t\t<div class=\"elementor-column elementor-col-50 elementor-top-column elementor-element elementor-element-65ede22\" data-id=\"65ede22\" data-element_type=\"column\" data-e-type=\"column\">\n\t\t\t<div class=\"elementor-widget-wrap elementor-element-populated\">\n\t\t\t\t\t\t<div class=\"elementor-element elementor-element-3eef2126 elementor-nav-menu--dropdown-mobile elementor-nav-menu--stretch elementor-nav-menu__text-align-aside elementor-nav-menu--toggle elementor-nav-menu--burger elementor-widget elementor-widget-nav-menu\" data-id=\"3eef2126\" data-element_type=\"widget\" data-e-type=\"widget\" data-settings=\"{&quot;full_width&quot;:&quot;stretch&quot;,&quot;layout&quot;:&quot;horizontal&quot;,&quot;submenu_icon&quot;:{&quot;value&quot;:&quot;&lt;i class=\\&quot;fas fa-caret-down\\&quot; aria-hidden=\\&quot;true\\&quot;&gt;&lt;\\\/i&gt;&quot;,&quot;library&quot;:&quot;fa-solid&quot;},&quot;toggle&quot;:&quot;burger&quot;}\" data-widget_type=\"nav-menu.default\">\n\t\t\t\t<div class=\"elementor-widget-container\">\n\t\t\t\t\t\t\t\t<nav aria-label=\"Menu\" class=\"elementor-nav-menu--main elementor-nav-menu__container elementor-nav-menu--layout-horizontal e--pointer-text e--animation-float\">\n\t\t\t\t<ul id=\"menu-1-3eef2126\" class=\"elementor-nav-menu\"><li class=\"menu-item menu-item-type-post_type menu-item-object-page menu-item-1763\"><a href=\"https:\/\/capitainehomard.com\/en\/menu-2\/\" class=\"elementor-item\">Menu<\/a><\/li>\n<li class=\"menu-item menu-item-type-post_type menu-item-object-page menu-item-1765\"><a href=\"https:\/\/capitainehomard.com\/en\/camping\/\" class=\"elementor-item\">Camping<\/a><\/li>\n<li class=\"menu-item menu-item-type-post_type menu-item-object-page menu-item-1764\"><a href=\"https:\/\/capitainehomard.com\/en\/chalets-2\/\" class=\"elementor-item\">Cottages<\/a><\/li>\n<li class=\"menu-item menu-item-type-post_type menu-item-object-page menu-item-1762\"><a href=\"https:\/\/capitainehomard.com\/en\/contact-2\/\" class=\"elementor-item\">Contact<\/a><\/li>\n<li class=\"menu-item wpml-ls-slot-2 wpml-ls-item wpml-ls-item-en wpml-ls-current-language wpml-ls-menu-item wpml-ls-last-item menu-item-type-wpml_ls_menu_item menu-item-object-wpml_ls_menu_item menu-item-has-children menu-item-wpml-ls-2-en\"><a href=\"https:\/\/capitainehomard.com\/en\/\" role=\"menuitem\" class=\"elementor-item\"><span class=\"wpml-ls-native\" lang=\"en\">English<\/span><\/a>\n<ul class=\"sub-menu elementor-nav-menu--dropdown\">\n\t<li class=\"menu-item wpml-ls-slot-2 wpml-ls-item wpml-ls-item-fr wpml-ls-menu-item wpml-ls-first-item menu-item-type-wpml_ls_menu_item menu-item-object-wpml_ls_menu_item menu-item-wpml-ls-2-fr\"><a href=\"https:\/\/capitainehomard.com\/fr\/\" title=\"Switch to Fran\u00e7ais\" aria-label=\"Switch to Fran\u00e7ais\" role=\"menuitem\" class=\"elementor-sub-item\"><span class=\"wpml-ls-native\" lang=\"fr\">Fran\u00e7ais<\/span><\/a><\/li>\n<\/ul>\n<\/li>\n<\/ul>\t\t\t<\/nav>\n\t\t\t\t\t<div class=\"elementor-menu-toggle\" role=\"button\" tabindex=\"0\" aria-label=\"Menu Toggle\" aria-expanded=\"false\">\n\t\t\t<i aria-hidden=\"true\" role=\"presentation\" class=\"elementor-menu-toggle__icon--open eicon-menu-bar\"><\/i><i aria-hidden=\"true\" role=\"presentation\" class=\"elementor-menu-toggle__icon--close eicon-close\"><\/i>\t\t<\/div>\n\t\t\t\t\t<nav class=\"elementor-nav-menu--dropdown elementor-nav-menu__container\" aria-hidden=\"true\">\n\t\t\t\t<ul id=\"menu-2-3eef2126\" class=\"elementor-nav-menu\"><li class=\"menu-item menu-item-type-post_type menu-item-object-page menu-item-1763\"><a href=\"https:\/\/capitainehomard.com\/en\/menu-2\/\" class=\"elementor-item\" tabindex=\"-1\">Menu<\/a><\/li>\n<li class=\"menu-item menu-item-type-post_type menu-item-object-page menu-item-1765\"><a href=\"https:\/\/capitainehomard.com\/en\/camping\/\" class=\"elementor-item\" tabindex=\"-1\">Camping<\/a><\/li>\n<li class=\"menu-item menu-item-type-post_type menu-item-object-page menu-item-1764\"><a href=\"https:\/\/capitainehomard.com\/en\/chalets-2\/\" class=\"elementor-item\" tabindex=\"-1\">Cottages<\/a><\/li>\n<li class=\"menu-item menu-item-type-post_type menu-item-object-page menu-item-1762\"><a href=\"https:\/\/capitainehomard.com\/en\/contact-2\/\" class=\"elementor-item\" tabindex=\"-1\">Contact<\/a><\/li>\n<li class=\"menu-item wpml-ls-slot-2 wpml-ls-item wpml-ls-item-en wpml-ls-current-language wpml-ls-menu-item wpml-ls-last-item menu-item-type-wpml_ls_menu_item menu-item-object-wpml_ls_menu_item menu-item-has-children menu-item-wpml-ls-2-en\"><a href=\"https:\/\/capitainehomard.com\/en\/\" role=\"menuitem\" class=\"elementor-item\" tabindex=\"-1\"><span class=\"wpml-ls-native\" lang=\"en\">English<\/span><\/a>\n<ul class=\"sub-menu elementor-nav-menu--dropdown\">\n\t<li class=\"menu-item wpml-ls-slot-2 wpml-ls-item wpml-ls-item-fr wpml-ls-menu-item wpml-ls-first-item menu-item-type-wpml_ls_menu_item menu-item-object-wpml_ls_menu_item menu-item-wpml-ls-2-fr\"><a href=\"https:\/\/capitainehomard.com\/fr\/\" title=\"Switch to Fran\u00e7ais\" aria-label=\"Switch to Fran\u00e7ais\" role=\"menuitem\" class=\"elementor-sub-item\" tabindex=\"-1\"><span class=\"wpml-ls-native\" lang=\"fr\">Fran\u00e7ais<\/span><\/a><\/li>\n<\/ul>\n<\/li>\n<\/ul>\t\t\t<\/nav>\n\t\t\t\t\t\t<\/div>\n\t\t\t\t<\/div>\n\t\t\t\t\t<\/div>\n\t\t<\/div>\n\t\t\t\t\t<\/div>\n\t\t<\/section>\n\t\t\t\t<section class=\"elementor-section elementor-top-section elementor-element elementor-element-3e65c0ae elementor-section-boxed elementor-section-height-default elementor-section-height-default\" data-id=\"3e65c0ae\" data-element_type=\"section\" data-e-type=\"section\">\n\t\t\t\t\t\t<div class=\"elementor-container elementor-column-gap-default\">\n\t\t\t\t\t<div class=\"elementor-column elementor-col-100 elementor-top-column elementor-element elementor-element-7aa2ff42\" data-id=\"7aa2ff42\" data-element_type=\"column\" data-e-type=\"column\">\n\t\t\t<div class=\"elementor-widget-wrap elementor-element-populated\">\n\t\t\t\t\t\t<div class=\"elementor-element elementor-element-50b4200 elementor-widget elementor-widget-global elementor-global-1641 elementor-widget-image\" data-id=\"50b4200\" data-element_type=\"widget\" data-e-type=\"widget\" data-widget_type=\"image.default\">\n\t\t\t\t<div class=\"elementor-widget-container\">\n\t\t\t\t\t\t\t\t\t\t\t\t\t\t\t<img decoding=\"async\" width=\"132\" height=\"33\" src=\"https:\/\/capitainehomard.com\/wp-content\/uploads\/2021\/01\/vagues-rouges.png\" class=\"attachment-medium size-medium wp-image-1154\" alt=\"\" \/>\t\t\t\t\t\t\t\t\t\t\t\t\t\t\t<\/div>\n\t\t\t\t<\/div>\n\t\t\t\t<div class=\"elementor-element elementor-element-d651763 elementor-widget elementor-widget-heading\" data-id=\"d651763\" data-element_type=\"widget\" data-e-type=\"widget\" data-widget_type=\"heading.default\">\n\t\t\t\t<div class=\"elementor-widget-container\">\n\t\t\t\t\t<h1 class=\"elementor-heading-title elementor-size-default\">Checkout<\/h1>\t\t\t\t<\/div>\n\t\t\t\t<\/div>\n\t\t\t\t<div class=\"elementor-element elementor-element-6c5a372 elementor-widget elementor-widget-shortcode\" data-id=\"6c5a372\" data-element_type=\"widget\" data-e-type=\"widget\" data-widget_type=\"shortcode.default\">\n\t\t\t\t<div class=\"elementor-widget-container\">\n\t\t\t\t\t\t\t<div class=\"elementor-shortcode\">[mphb_checkout]<\/div>\n\t\t\t\t\t\t<\/div>\n\t\t\t\t<\/div>\n\t\t\t\t\t<\/div>\n\t\t<\/div>\n\t\t\t\t\t<\/div>\n\t\t<\/section>\n\t\t\t\t<section class=\"elementor-section elementor-top-section elementor-element elementor-element-3338e22e elementor-section-height-min-height elementor-section-boxed elementor-section-height-default elementor-section-items-middle\" data-id=\"3338e22e\" data-element_type=\"section\" data-e-type=\"section\" data-settings=\"{&quot;background_background&quot;:&quot;classic&quot;}\">\n\t\t\t\t\t\t\t<div class=\"elementor-background-overlay\"><\/div>\n\t\t\t\t\t\t\t<div class=\"elementor-container elementor-column-gap-default\">\n\t\t\t\t\t<div class=\"elementor-column elementor-col-100 elementor-top-column elementor-element elementor-element-21c40420\" data-id=\"21c40420\" data-element_type=\"column\" data-e-type=\"column\">\n\t\t\t<div class=\"elementor-widget-wrap elementor-element-populated\">\n\t\t\t\t\t\t<div class=\"elementor-element elementor-element-40211c4d elementor-widget elementor-widget-image\" data-id=\"40211c4d\" data-element_type=\"widget\" data-e-type=\"widget\" data-widget_type=\"image.default\">\n\t\t\t\t<div class=\"elementor-widget-container\">\n\t\t\t\t\t\t\t\t\t\t\t\t\t\t\t<img decoding=\"async\" width=\"204\" height=\"195\" src=\"https:\/\/capitainehomard.com\/wp-content\/uploads\/2021\/01\/capitaine-homard-logo-rond.png\" class=\"attachment-large size-large wp-image-1156\" alt=\"\" \/>\t\t\t\t\t\t\t\t\t\t\t\t\t\t\t<\/div>\n\t\t\t\t<\/div>\n\t\t\t\t<section class=\"elementor-section elementor-inner-section elementor-element elementor-element-3e0cdc83 elementor-section-boxed elementor-section-height-default elementor-section-height-default\" data-id=\"3e0cdc83\" data-element_type=\"section\" data-e-type=\"section\">\n\t\t\t\t\t\t<div class=\"elementor-container elementor-column-gap-default\">\n\t\t\t\t\t<div class=\"elementor-column elementor-col-33 elementor-inner-column elementor-element elementor-element-1815cad3\" data-id=\"1815cad3\" data-element_type=\"column\" data-e-type=\"column\">\n\t\t\t<div class=\"elementor-widget-wrap elementor-element-populated\">\n\t\t\t\t\t\t<div class=\"elementor-element elementor-element-7341046f elementor-widget elementor-widget-heading\" data-id=\"7341046f\" data-element_type=\"widget\" data-e-type=\"widget\" data-widget_type=\"heading.default\">\n\t\t\t\t<div class=\"elementor-widget-container\">\n\t\t\t\t\t<h5 class=\"elementor-heading-title elementor-size-default\">Contact us<\/h5>\t\t\t\t<\/div>\n\t\t\t\t<\/div>\n\t\t\t\t<div class=\"elementor-element elementor-element-208aa09b elementor-widget elementor-widget-text-editor\" data-id=\"208aa09b\" data-element_type=\"widget\" data-e-type=\"widget\" data-widget_type=\"text-editor.default\">\n\t\t\t\t<div class=\"elementor-widget-container\">\n\t\t\t\t\t\t\t\t\t<p><span data-fusion-font=\"true\" data-fusion-google-font=\"Asap\" data-fusion-google-variant=\"400\" data-fusion-google-subset=\"latin\">180, route de la Mer, c.p<\/span><span data-fusion-font=\"true\" data-fusion-google-font=\"Asap\" data-fusion-google-variant=\"400\" data-fusion-google-subset=\"latin\">. 61<br><\/span><span data-fusion-font=\"true\" data-fusion-google-font=\"Asap\" data-fusion-google-variant=\"400\" data-fusion-google-subset=\"latin\">Sainte-Flavie, Qu\u00e9bec<br><\/span>G0J 2L0<\/p>\t\t\t\t\t\t\t\t<\/div>\n\t\t\t\t<\/div>\n\t\t\t\t<div class=\"elementor-element elementor-element-2a652e44 elementor-widget elementor-widget-text-editor\" data-id=\"2a652e44\" data-element_type=\"widget\" data-e-type=\"widget\" data-widget_type=\"text-editor.default\">\n\t\t\t\t<div class=\"elementor-widget-container\">\n\t\t\t\t\t\t\t\t\t<div><a href=\"tel:1-418-775-8046\">418-775-8046<\/a><br \/><a href=\"mailto:info@capitainehomard.com\">info@capitainehomard.com<\/a><\/div>\t\t\t\t\t\t\t\t<\/div>\n\t\t\t\t<\/div>\n\t\t\t\t\t<\/div>\n\t\t<\/div>\n\t\t\t\t<div class=\"elementor-column elementor-col-33 elementor-inner-column elementor-element elementor-element-569fd424\" data-id=\"569fd424\" data-element_type=\"column\" data-e-type=\"column\">\n\t\t\t<div class=\"elementor-widget-wrap elementor-element-populated\">\n\t\t\t\t\t\t<div class=\"elementor-element elementor-element-4ef59a9d elementor-widget elementor-widget-heading\" data-id=\"4ef59a9d\" data-element_type=\"widget\" data-e-type=\"widget\" data-widget_type=\"heading.default\">\n\t\t\t\t<div class=\"elementor-widget-container\">\n\t\t\t\t\t<h5 class=\"elementor-heading-title elementor-size-default\">Schedule<\/h5>\t\t\t\t<\/div>\n\t\t\t\t<\/div>\n\t\t\t\t<div class=\"elementor-element elementor-element-467391ef elementor-widget elementor-widget-uael-business-hours\" data-id=\"467391ef\" data-element_type=\"widget\" data-e-type=\"widget\" data-settings=\"{&quot;section_bs_list_padding&quot;:{&quot;unit&quot;:&quot;px&quot;,&quot;top&quot;:&quot;0&quot;,&quot;right&quot;:&quot;0&quot;,&quot;bottom&quot;:&quot;1&quot;,&quot;left&quot;:&quot;0&quot;,&quot;isLinked&quot;:false},&quot;section_bs_list_padding_tablet&quot;:{&quot;unit&quot;:&quot;px&quot;,&quot;top&quot;:&quot;0&quot;,&quot;right&quot;:&quot;0&quot;,&quot;bottom&quot;:&quot;0&quot;,&quot;left&quot;:&quot;0&quot;,&quot;isLinked&quot;:false},&quot;section_bs_list_padding_mobile&quot;:{&quot;unit&quot;:&quot;px&quot;,&quot;top&quot;:&quot;&quot;,&quot;right&quot;:&quot;&quot;,&quot;bottom&quot;:&quot;&quot;,&quot;left&quot;:&quot;&quot;,&quot;isLinked&quot;:true}}\" data-widget_type=\"uael-business-hours.default\">\n\t\t\t\t<div class=\"elementor-widget-container\">\n\t\t\t\t\t\t<div class=\"uael-business-scheduler-box-wrapper\">\n\t\t\t<div class=\"uael-days\">\n\t\t\t\t\t\t\t<!-- CURRENT_ITEM div -->\n\t\t\t\t<div class=\"elementor-repeater-item-efbfe5b top-border-divider bs-background\">\n\t\t\t\t\t<div class=\"uael-inner\">\n\t\t\t\t\t\t<span class=\"heading-date uael-business-day\">\n\t\t\t\t\t\t\t<span>Monday<\/span>\n\t\t\t\t\t\t<\/span>\n\n\t\t\t\t\t\t<span class=\"heading-time uael-business-time\">\n\t\t\t\t\t\t\t<span class=\"inner-heading-time\">\n\t\t\t\t\t\t\t\t<span>11h \u00e0 22h<\/span>\n\t\t\t\t\t\t\t<\/span>\n\t\t\t\t\t\t<\/span>\n\t\t\t\t\t<\/div>\n\t\t\t\t<\/div>\n\t\t\t\t\t\t\t\t<!-- CURRENT_ITEM div -->\n\t\t\t\t<div class=\"elementor-repeater-item-e43ca2f top-border-divider bs-background\">\n\t\t\t\t\t<div class=\"uael-inner uael-inner\">\n\t\t\t\t\t\t<span class=\"heading-date uael-business-day\">\n\t\t\t\t\t\t\t<span>Tuesday<\/span>\n\t\t\t\t\t\t<\/span>\n\n\t\t\t\t\t\t<span class=\"heading-time uael-business-time\">\n\t\t\t\t\t\t\t<span class=\"inner-heading-time inner-heading-time\">\n\t\t\t\t\t\t\t\t<span>11h \u00e0 22h<\/span>\n\t\t\t\t\t\t\t<\/span>\n\t\t\t\t\t\t<\/span>\n\t\t\t\t\t<\/div>\n\t\t\t\t<\/div>\n\t\t\t\t\t\t\t\t<!-- CURRENT_ITEM div -->\n\t\t\t\t<div class=\"elementor-repeater-item-94d86f3 top-border-divider bs-background\">\n\t\t\t\t\t<div class=\"uael-inner uael-inner uael-inner\">\n\t\t\t\t\t\t<span class=\"heading-date uael-business-day\">\n\t\t\t\t\t\t\t<span>Wednesday<\/span>\n\t\t\t\t\t\t<\/span>\n\n\t\t\t\t\t\t<span class=\"heading-time uael-business-time\">\n\t\t\t\t\t\t\t<span class=\"inner-heading-time inner-heading-time inner-heading-time\">\n\t\t\t\t\t\t\t\t<span>11h \u00e0 22h<\/span>\n\t\t\t\t\t\t\t<\/span>\n\t\t\t\t\t\t<\/span>\n\t\t\t\t\t<\/div>\n\t\t\t\t<\/div>\n\t\t\t\t\t\t\t\t<!-- CURRENT_ITEM div -->\n\t\t\t\t<div class=\"elementor-repeater-item-3839a69 top-border-divider bs-background\">\n\t\t\t\t\t<div class=\"uael-inner uael-inner uael-inner uael-inner\">\n\t\t\t\t\t\t<span class=\"heading-date uael-business-day\">\n\t\t\t\t\t\t\t<span>Thursday<\/span>\n\t\t\t\t\t\t<\/span>\n\n\t\t\t\t\t\t<span class=\"heading-time uael-business-time\">\n\t\t\t\t\t\t\t<span class=\"inner-heading-time inner-heading-time inner-heading-time inner-heading-time\">\n\t\t\t\t\t\t\t\t<span>11h \u00e0 22h<\/span>\n\t\t\t\t\t\t\t<\/span>\n\t\t\t\t\t\t<\/span>\n\t\t\t\t\t<\/div>\n\t\t\t\t<\/div>\n\t\t\t\t\t\t\t\t<!-- CURRENT_ITEM div -->\n\t\t\t\t<div class=\"elementor-repeater-item-5299e1f top-border-divider bs-background\">\n\t\t\t\t\t<div class=\"uael-inner uael-inner uael-inner uael-inner uael-inner\">\n\t\t\t\t\t\t<span class=\"heading-date uael-business-day\">\n\t\t\t\t\t\t\t<span>Friday<\/span>\n\t\t\t\t\t\t<\/span>\n\n\t\t\t\t\t\t<span class=\"heading-time uael-business-time\">\n\t\t\t\t\t\t\t<span class=\"inner-heading-time inner-heading-time inner-heading-time inner-heading-time inner-heading-time\">\n\t\t\t\t\t\t\t\t<span>11h \u00e0 22h<\/span>\n\t\t\t\t\t\t\t<\/span>\n\t\t\t\t\t\t<\/span>\n\t\t\t\t\t<\/div>\n\t\t\t\t<\/div>\n\t\t\t\t\t\t\t\t<!-- CURRENT_ITEM div -->\n\t\t\t\t<div class=\"elementor-repeater-item-cbd5294 top-border-divider bs-background\">\n\t\t\t\t\t<div class=\"uael-inner uael-inner uael-inner uael-inner uael-inner uael-inner\">\n\t\t\t\t\t\t<span class=\"heading-date uael-business-day\">\n\t\t\t\t\t\t\t<span>Saturday<\/span>\n\t\t\t\t\t\t<\/span>\n\n\t\t\t\t\t\t<span class=\"heading-time uael-business-time\">\n\t\t\t\t\t\t\t<span class=\"inner-heading-time inner-heading-time inner-heading-time inner-heading-time inner-heading-time inner-heading-time\">\n\t\t\t\t\t\t\t\t<span>11h \u00e0 22h<\/span>\n\t\t\t\t\t\t\t<\/span>\n\t\t\t\t\t\t<\/span>\n\t\t\t\t\t<\/div>\n\t\t\t\t<\/div>\n\t\t\t\t\t\t\t\t<!-- CURRENT_ITEM div -->\n\t\t\t\t<div class=\"elementor-repeater-item-ee970ee top-border-divider bs-background\">\n\t\t\t\t\t<div class=\"uael-inner uael-inner uael-inner uael-inner uael-inner uael-inner uael-inner\">\n\t\t\t\t\t\t<span class=\"heading-date uael-business-day\">\n\t\t\t\t\t\t\t<span>Sunday<\/span>\n\t\t\t\t\t\t<\/span>\n\n\t\t\t\t\t\t<span class=\"heading-time uael-business-time\">\n\t\t\t\t\t\t\t<span class=\"inner-heading-time inner-heading-time inner-heading-time inner-heading-time inner-heading-time inner-heading-time inner-heading-time\">\n\t\t\t\t\t\t\t\t<span>11h \u00e0 22h<\/span>\n\t\t\t\t\t\t\t<\/span>\n\t\t\t\t\t\t<\/span>\n\t\t\t\t\t<\/div>\n\t\t\t\t<\/div>\n\t\t\t\t\t\t<\/div>\n\t\t<\/div>\n\t\t\t\t\t<\/div>\n\t\t\t\t<\/div>\n\t\t\t\t\t<\/div>\n\t\t<\/div>\n\t\t\t\t<div class=\"elementor-column elementor-col-33 elementor-inner-column elementor-element elementor-element-d6b9a36\" data-id=\"d6b9a36\" data-element_type=\"column\" data-e-type=\"column\">\n\t\t\t<div class=\"elementor-widget-wrap elementor-element-populated\">\n\t\t\t\t\t\t<div class=\"elementor-element elementor-element-12f102f2 elementor-widget elementor-widget-heading\" data-id=\"12f102f2\" data-element_type=\"widget\" data-e-type=\"widget\" data-widget_type=\"heading.default\">\n\t\t\t\t<div class=\"elementor-widget-container\">\n\t\t\t\t\t<h5 class=\"elementor-heading-title elementor-size-default\">Follow Us<\/h5>\t\t\t\t<\/div>\n\t\t\t\t<\/div>\n\t\t\t\t<div class=\"elementor-element elementor-element-5d8ad3b elementor-shape-square elementor-grid-0 e-grid-align-center elementor-widget elementor-widget-social-icons\" data-id=\"5d8ad3b\" data-element_type=\"widget\" data-e-type=\"widget\" data-widget_type=\"social-icons.default\">\n\t\t\t\t<div class=\"elementor-widget-container\">\n\t\t\t\t\t\t\t<div class=\"elementor-social-icons-wrapper elementor-grid\" role=\"list\">\n\t\t\t\t\t\t\t<span class=\"elementor-grid-item\" role=\"listitem\">\n\t\t\t\t\t<a class=\"elementor-icon elementor-social-icon elementor-social-icon-facebook elementor-animation-shrink elementor-repeater-item-e1bc86f\" target=\"_blank\">\n\t\t\t\t\t\t<span class=\"elementor-screen-only\">Facebook<\/span>\n\t\t\t\t\t\t<i aria-hidden=\"true\" class=\"fab fa-facebook\"><\/i>\t\t\t\t\t<\/a>\n\t\t\t\t<\/span>\n\t\t\t\t\t\t\t<span class=\"elementor-grid-item\" role=\"listitem\">\n\t\t\t\t\t<a class=\"elementor-icon elementor-social-icon elementor-social-icon-instagram elementor-animation-shrink elementor-repeater-item-a826f4f\" target=\"_blank\">\n\t\t\t\t\t\t<span class=\"elementor-screen-only\">Instagram<\/span>\n\t\t\t\t\t\t<i aria-hidden=\"true\" class=\"fab fa-instagram\"><\/i>\t\t\t\t\t<\/a>\n\t\t\t\t<\/span>\n\t\t\t\t\t<\/div>\n\t\t\t\t\t\t<\/div>\n\t\t\t\t<\/div>\n\t\t\t\t<div class=\"elementor-element elementor-element-232bcac7 elementor-align-center elementor-widget elementor-widget-button\" data-id=\"232bcac7\" data-element_type=\"widget\" data-e-type=\"widget\" data-widget_type=\"button.default\">\n\t\t\t\t<div class=\"elementor-widget-container\">\n\t\t\t\t\t\t\t\t\t<div class=\"elementor-button-wrapper\">\n\t\t\t\t\t<a class=\"elementor-button elementor-button-link elementor-size-xs\" href=\"#elementor-action%3Aaction%3Dpopup%3Aopen%26settings%3DeyJpZCI6MjA4OCwidG9nZ2xlIjpmYWxzZX0%3D\">\n\t\t\t\t\t\t<span class=\"elementor-button-content-wrapper\">\n\t\t\t\t\t\t\t\t\t<span class=\"elementor-button-text\"> be part of the team<\/span>\n\t\t\t\t\t<\/span>\n\t\t\t\t\t<\/a>\n\t\t\t\t<\/div>\n\t\t\t\t\t\t\t\t<\/div>\n\t\t\t\t<\/div>\n\t\t\t\t\t<\/div>\n\t\t<\/div>\n\t\t\t\t\t<\/div>\n\t\t<\/section>\n\t\t\t\t<div class=\"elementor-element elementor-element-880c259 elementor-widget elementor-widget-text-editor\" data-id=\"880c259\" data-element_type=\"widget\" data-e-type=\"widget\" data-widget_type=\"text-editor.default\">\n\t\t\t\t<div class=\"elementor-widget-container\">\n\t\t\t\t\t\t\t\t\t<p>\u00a9 Capitaine Homard 2021. Site designed by Conception WebM\u00e9dia.<\/p>\t\t\t\t\t\t\t\t<\/div>\n\t\t\t\t<\/div>\n\t\t\t\t\t<\/div>\n\t\t<\/div>\n\t\t\t\t\t<\/div>\n\t\t<\/section>\n\t\t\t\t<\/div>\n\t\t","protected":false},"excerpt":{"rendered":"<p>Checkout [mphb_checkout] Contact us 180, route de la Mer, c.p. 61Sainte-Flavie, Qu\u00e9becG0J 2L0 418-775-8046info@capitainehomard.com Schedule Monday 11h \u00e0 22h Tuesday 11h \u00e0 22h Wednesday 11h \u00e0 22h Thursday 11h \u00e0 22h Friday 11h \u00e0 22h Saturday 11h \u00e0 22h Sunday 11h \u00e0 22h Follow Us Facebook Instagram be part of the team \u00a9 Capitaine Homard [&hellip;]<\/p>\n","protected":false},"author":1,"featured_media":0,"parent":0,"menu_order":0,"comment_status":"closed","ping_status":"closed","template":"","meta":{"footnotes":""},"class_list":["post-1950","page","type-page","status-publish","hentry"],"_links":{"self":[{"href":"https:\/\/capitainehomard.com\/en\/wp-json\/wp\/v2\/pages\/1950","targetHints":{"allow":["GET"]}}],"collection":[{"href":"https:\/\/capitainehomard.com\/en\/wp-json\/wp\/v2\/pages"}],"about":[{"href":"https:\/\/capitainehomard.com\/en\/wp-json\/wp\/v2\/types\/page"}],"author":[{"embeddable":true,"href":"https:\/\/capitainehomard.com\/en\/wp-json\/wp\/v2\/users\/1"}],"replies":[{"embeddable":true,"href":"https:\/\/capitainehomard.com\/en\/wp-json\/wp\/v2\/comments?post=1950"}],"version-history":[{"count":10,"href":"https:\/\/capitainehomard.com\/en\/wp-json\/wp\/v2\/pages\/1950\/revisions"}],"predecessor-version":[{"id":3002,"href":"https:\/\/capitainehomard.com\/en\/wp-json\/wp\/v2\/pages\/1950\/revisions\/3002"}],"wp:attachment":[{"href":"https:\/\/capitainehomard.com\/en\/wp-json\/wp\/v2\/media?parent=1950"}],"curies":[{"name":"wp","href":"https:\/\/api.w.org\/{rel}","templated":true}]}}